{"id":3736,"date":"2022-04-12T10:56:50","date_gmt":"2022-04-12T10:56:50","guid":{"rendered":"https:\/\/base.milmadrid.es\/?page_id=3736"},"modified":"2022-04-12T10:56:50","modified_gmt":"2022-04-12T10:56:50","slug":"politica-de-cookies","status":"publish","type":"page","link":"https:\/\/base.milmadrid.es\/en\/politica-de-cookies\/","title":{"rendered":"Cookie policy"},"content":{"rendered":"<p>La Web de&nbsp;<strong>DIGITAL TECH COMMUNICATIONS GROUP S.L.<\/strong>&nbsp;(en adelante la Web)utiliza Cookies. Las Cookies son ficheros enviados a un navegador por medio de un servidor web para registrar las actividades del Usuario en una web determinada. La primera finalidad de las Cookies es la de facilitar al usuario un acceso m\u00e1s r\u00e1pido a los servicios seleccionados. Adem\u00e1s, las Cookies personalizan los servicios que ofrece la Web, facilitando y ofreciendo a cada usuario informaci\u00f3n que es de su inter\u00e9s o que puede ser de su inter\u00e9s, en atenci\u00f3n al uso que realiza de los Servicios.<\/p>\n\n\n\n<p>La Web utiliza Cookies para personalizar y facilitar al m\u00e1ximo la navegaci\u00f3n del usuario. Las Cookies se asocian \u00fanicamente a un usuario an\u00f3nimo y su ordenador y no proporcionan referencias que permitan deducir datos personales del usuario. El usuario podr\u00e1 configurar su navegador para que notifique y rechace la instalaci\u00f3n las Cookies enviadas por la Web, sin que ello perjudique la posibilidad del usuario de acceder a los contenidos de dicha web. Sin embargo, le hacemos notar que, en todo caso, la calidad de funcionamiento de la p\u00e1gina Web puede disminuir.<\/p>\n\n\n\n<p>Los usuarios registrados, que se registren o que hayan iniciado sesi\u00f3n, podr\u00e1n beneficiarse de unos servicios m\u00e1s personalizados y orientados a su perfil, gracias a la combinaci\u00f3n de los datos almacenados en las cookies con los datos personales utilizados en el momento de su registro. Dichos usuarios autorizan expresamente el uso de esta informaci\u00f3n con la finalidad indicada, sin perjuicio de su derecho a rechazar o deshabilitar el uso de cookies.&nbsp;<\/p>\n\n\n\n<p>Asimismo, la Web podr\u00e1 saber todos los servicios solicitados por los usuarios, de forma que podr\u00e1n facilitar u ofrecer informaci\u00f3n adecuada a los gustos y preferencias de cada usuario.<\/p>\n\n\n\n<h2 class=\"wp-block-heading\" id=\"que-tipos-de-cookies-existen\">\u00bfQu\u00e9 tipos de cookies existen?<\/h2>\n\n\n\n<p>Las Cookies, en funci\u00f3n de su&nbsp;<strong>Permanencia<\/strong>, pueden dividirse en:<\/p>\n\n\n\n<h3 class=\"wp-block-heading\" id=\"cookies-de-sesion\">Cookies de sesi\u00f3n<\/h3>\n\n\n\n<p>Expiran cuando el usuario cierra el navegador.<\/p>\n\n\n\n<h3 class=\"wp-block-heading\" id=\"cookies-persistentes\">Cookies persistentes<\/h3>\n\n\n\n<p>Expiran en funci\u00f3n de cuando se cumpla el objetivo para el que sirven (por ejemplo, para que el usuario se mantenga identificado en los Servicios) o bien cuando se borran manualmente.<\/p>\n\n\n\n<p>En funci\u00f3n de su&nbsp;<strong>Propietario,&nbsp;<\/strong>pueden dividirse en:<\/p>\n\n\n\n<h3 class=\"wp-block-heading\" id=\"cookies-propias\">Cookies propias<\/h3>\n\n\n\n<p>Son aqu\u00e9llas que se env\u00edan al equipo terminal del usuario desde un equipo o dominio gestionado por el propio editor y desde el que se presta el servicio solicitado por el usuario.<\/p>\n\n\n\n<h3 class=\"wp-block-heading\" id=\"cookies-de-terceros\">Cookies de terceros<\/h3>\n\n\n\n<p>Son aquellas que se env\u00edan al equipo terminal del usuario desde un equipo o dominio que no es gestionado por el editor, sino por otra entidad que trata los datos obtenidos trav\u00e9s de las cookies.<\/p>\n\n\n\n<h3 class=\"wp-block-heading\" id=\"cookies-de-rendimiento\">Cookies de rendimiento<\/h3>\n\n\n\n<p>Este tipo de Cookie recuerda sus preferencias para las herramientas que se encuentran en los servicios, por lo que no tiene que volver a configurar el servicio cada vez que usted visita. A modo de ejemplo, en esta tipolog\u00eda se incluyen:<\/p>\n\n\n\n<ul class=\"wp-block-list\"><li>Ajustes de volumen de reproductores de v\u00eddeo o sonido.<\/li><li>Las velocidades de transmisi\u00f3n de v\u00eddeo que sean compatibles con su navegador.<\/li><\/ul>\n\n\n\n<h3 class=\"wp-block-heading\" id=\"cookies-propias-2\">Cookies propias<\/h3>\n\n\n\n<p>Son aqu\u00e9llas que se env\u00edan al equipo terminal del usuario desde un equipo o dominio gestionado por el propio editor y desde el que se presta el servicio solicitado por el usuario.<\/p>\n\n\n\n<h3 class=\"wp-block-heading\" id=\"cookies-de-terceros-2\">Cookies de terceros<\/h3>\n\n\n\n<p>Son aquellas que se env\u00edan al equipo terminal del usuario desde un equipo o dominio que no es gestionado por el editor, sino por otra entidad que trata los datos obtenidos trav\u00e9s de las cookies.<\/p>\n\n\n\n<h3 class=\"wp-block-heading\" id=\"cookies-de-rendimiento-2\">Cookies de rendimiento<\/h3>\n\n\n\n<p>Este tipo de Cookie recuerda sus preferencias para las herramientas que se encuentran en los servicios, por lo que no tiene que volver a configurar el servicio cada vez que usted visita. A modo de ejemplo, en esta tipolog\u00eda se incluyen:<\/p>\n\n\n\n<ul class=\"wp-block-list\"><li>Ajustes de volumen de reproductores de v\u00eddeo o sonido.<\/li><li>Las velocidades de transmisi\u00f3n de v\u00eddeo que sean compatibles con su navegador.<\/li><\/ul>\n\n\n\n<h3 class=\"wp-block-heading\" id=\"cookies-de-geolocalizacion\">Cookies de geolocalizaci\u00f3n<\/h3>\n\n\n\n<p>Estas Cookies son utilizadas para averiguar en qu\u00e9 pa\u00eds se encuentra cuando se solicita un servicio. Esta Cookie es totalmente an\u00f3nima, y s\u00f3lo se utiliza para ayudar a orientar el contenido a su ubicaci\u00f3n.<\/p>\n\n\n\n<h3 class=\"wp-block-heading\" id=\"cookies-de-registro\">Cookies de registro<\/h3>\n\n\n\n<p>Las Cookies de registro se generan una vez que el usuario se ha registrado o posteriormente ha abierto su sesi\u00f3n, y se utilizan para identificarle en los servicios con los siguientes objetivos:<\/p>\n\n\n\n<ul class=\"wp-block-list\"><li>Mantener al usuario identificado de forma que, si cierra un servicio, el navegador o el ordenador y en otro momento u otro d\u00eda vuelve a entrar en dicho servicio, seguir\u00e1 identificado, facilitando as\u00ed su navegaci\u00f3n sin tener que volver a identificarse. Esta funcionalidad se puede suprimir si el usuario pulsa la funcionalidad \u201ccerrar sesi\u00f3n\u201d, de forma que esta Cookie se elimina y la pr\u00f3xima vez que entre en el servicio el usuario tendr\u00e1 que iniciar sesi\u00f3n para estar identificado.<\/li><li>Comprobar si el usuario est\u00e1 autorizado para acceder a ciertos servicios, por ejemplo, para participar en un concurso.<\/li><\/ul>\n\n\n\n<h3 class=\"wp-block-heading\" id=\"cookies-analiticas\">Cookies anal\u00edticas<\/h3>\n\n\n\n<p>Cada vez que un Usuario visita un servicio, una herramienta de un proveedor externo genera una Cookie anal\u00edtica en el ordenador del usuario. Esta Cookie que s\u00f3lo se genera en la visita, servir\u00e1 en pr\u00f3ximas visitas a los Servicios de la Web para identificar de forma an\u00f3nima al visitante. Los objetivos principales que se persiguen son:<\/p>\n\n\n\n<ul class=\"wp-block-list\"><li>Permitir la identificaci\u00f3n an\u00f3nima de los usuarios navegantes a trav\u00e9s de la \u201c<em>Cookie<\/em>\u201d (identifica navegadores y dispositivos, no personas) y por lo tanto la contabilizaci\u00f3n aproximada del n\u00famero de visitantes y su tendencia en el tiempo.<\/li><li>Identificar de forma an\u00f3nima los contenidos m\u00e1s visitados y por lo tanto m\u00e1s atractivos para los usuarios.<\/li><li>Saber si el usuario que est\u00e1 accediendo es nuevo o repite visita.<\/li><li>Importante: Salvo que el usuario decida registrarse en un servicio de la Web<strong>,<\/strong>&nbsp;la \u201c<em>Cookie<\/em>\u201d nunca ir\u00e1 asociada a ning\u00fan dato de car\u00e1cter personal que pueda identificarle. Dichas Cookies s\u00f3lo ser\u00e1n utilizadas con prop\u00f3sitos estad\u00edsticos que ayuden a la optimizaci\u00f3n de la experiencia de los Usuarios en el sitio.<\/li><\/ul>\n\n\n\n<h3 class=\"wp-block-heading\" id=\"cookies-de-publicidad-comportamental\">Cookies de publicidad comportamental<\/h3>\n\n\n\n<p>Este tipo de \u201c<em>Cookies<\/em>\u201d permite ampliar la informaci\u00f3n de los anuncios mostrados a cada usuario an\u00f3nimo en los Servicios de la Web<strong>.<\/strong>&nbsp;Entre otros, se almacena la duraci\u00f3n o frecuencia de visualizaci\u00f3n de posiciones publicitarias, la interacci\u00f3n con las mismas, o los patrones de navegaci\u00f3n y\/o compartimientos del usuario ya que ayudan a conformar un perfil de inter\u00e9s publicitario. De este modo, permiten ofrecer publicidad af\u00edn a los intereses del usuario.<\/p>\n\n\n\n<h3 class=\"wp-block-heading\" id=\"cookies-de-publicitarias-de-terceros\">Cookies de publicitarias de terceros<\/h3>\n\n\n\n<p>Adem\u00e1s de la publicidad gestionada por la Web en sus Servicios, la Web ofrece a sus anunciantes la opci\u00f3n de servir anuncios a trav\u00e9s de terceros (\u201cAdServers\u201d). De este modo, estos terceros pueden almacenar&nbsp;<em>Cookies<\/em>&nbsp;enviadas desde los Servicios de la Web procedentes de los navegadores de los Usuarios, as\u00ed como acceder a los datos que en ellas se guardan.<\/p>\n\n\n\n<h2 class=\"wp-block-heading\" id=\"que-cookies-utilizamos\">\u00bfQu\u00e9 cookies utilizamos?<\/h2>\n\n\n\n<p>Las cookies que utilizamos en nuestra p\u00e1gina web son:<\/p>\n\n\n\n<figure class=\"wp-block-table\"><table><thead><tr><th scope=\"col\">Cookie<\/th><th scope=\"col\">Descripci\u00f3n<\/th><th scope=\"col\">Duraci\u00f3n<\/th><th scope=\"col\">Tipo<\/th><\/tr><\/thead><tbody><tr><td>PHPSESSID<\/td><td>Esta cookie es nativa de las aplicaciones PHP. Se utiliza para almacenar e identificar la identificaci\u00f3n de sesi\u00f3n \u00fanica de un usuario con el fin de administrar la sesi\u00f3n del usuario en el sitio web. Es una cookie de sesi\u00f3n y se elimina cuando se cierran todas las ventanas del navegador.<\/td><td>Sesi\u00f3n<\/td><td>Necesaria<\/td><\/tr><tr><td>_ga<\/td><td>Esta cookie es instalada por Google Analytics. La cookie se utiliza para calcular los datos de visitantes, sesiones y campa\u00f1as y realizar un seguimiento del uso del sitio para un informa de an\u00e1lisis. Las cookies almacenan informaci\u00f3n de forma an\u00f3nima y asignan un n\u00famero generado aleatoriamente para identificar visitantes \u00fanicos.<\/td><td>1a\u00f1o 20d\u00edas 8horas 26minutos<\/td><td>An\u00e1lisis<\/td><\/tr><tr><td>_gid<\/td><td>Esta cookie es instalada por Google Analytics. La cookie se utiliza para almacenar informaci\u00f3n sobre c\u00f3mo los visitantes usan un sitio y ayuda a crear un informe anal\u00edtico de c\u00f3mo est\u00e1 funcionando la web. Los datos recopilados, incluido el n\u00famero de visitantes, la fuente de donde provienen y las p\u00e1ginas, se muestran de forma an\u00f3nima.<\/td><td>1a\u00f1o 19d\u00edas 14horas 56minutos<\/td><td>An\u00e1lisis<\/td><\/tr><tr><td>_gat<\/td><td>Google Analytics instala estas cookies para acelerar la tasa de solicitud y limitar la recopilaci\u00f3n de datos en sitios de alto tr\u00e1fico.<\/td><td>1a\u00f1o 19d\u00edas 14horas 55minutos<\/td><td>Rendimiento<\/td><\/tr><tr><td>_gat_gtag_UA_106792024_1<\/td><td>Google Analytics instala estas cookies para acelerar la tasa de solicitud y limitar la recopilaci\u00f3n de datos en sitios de alto tr\u00e1fico.<\/td><td>1a\u00f1o 19d\u00edas 14horas 55minutos<\/td><td>Rendimiento<\/td><\/tr><tr><td>mc<\/td><td>Esta cookie est\u00e1 asociada con Quantserve para rastrear de forma an\u00f3nima c\u00f3mo un usuario interact\u00faa con el sitio web.<\/td><td>1a\u00f1o 19d\u00edas 25minutos<\/td><td>Publicidad<\/td><\/tr><tr><td>__smVID<\/td><td>This cookie is set by Sumo. The purpose of the cookie is not yet known.<\/td><td>1a\u00f1o<br>19d\u00edas 15horas 38minutos<\/td><td>Otros<\/td><\/tr><\/tbody><\/table><\/figure>\n\n\n\n<h2 class=\"wp-block-heading\" id=\"como-deshabilitar-las-cookies\">\u00bfC\u00f3mo deshabilitar las cookies?<\/h2>\n\n\n\n<p>Normalmente es posible dejar de aceptar las Cookies del navegador, o dejar de aceptar las Cookies de un Servicio en particular.<\/p>\n\n\n\n<p>Todos los navegadores modernos permiten cambiar la configuraci\u00f3n de Cookies. Estos ajustes normalmente se encuentran en las \u00a8opciones\u00a8 o \u00a8preferencias\u00a8 del men\u00fa de su navegador. Asimismo, puede configurar su navegador o su gestor de correo electr\u00f3nico, as\u00ed como instalar complementos gratuitos para evitar que se descarguen los Web&nbsp;<em>Bugs<\/em>&nbsp;al abrir un email.<\/p>\n\n\n\n<p>La Web ofrece orientaci\u00f3n al Usuario sobre los pasos para acceder al men\u00fa de configuraci\u00f3n de las&nbsp;<em>cookies<\/em>&nbsp;y, en su caso, de la navegaci\u00f3n privada en cada uno de los navegadores principales:<\/p>\n\n\n\n<figure class=\"wp-block-table\"><table><tbody><tr><td>Internet Explorer<\/td><td>Herramientas &gt; Opciones de Internet &gt; Privacidad &gt; Configuraci\u00f3n.<br>Para m\u00e1s informaci\u00f3n, puede consultar el soporte de Microsoft o la ayuda del navegador.<\/td><\/tr><tr><td>Microsoft Edge<\/td><td>Configuraci\u00f3n y m\u00e1s &gt; Configuraci\u00f3n &gt; Borrar datos de exploraci\u00f3n.<\/td><\/tr><tr><td>Firefox<\/td><td>Herramientas &gt; Opciones &gt; Privacidad &gt; Historial &gt; Configuraci\u00f3n personalizada.<\/td><\/tr><tr><td>Chrome<\/td><td>Configuraci\u00f3n &gt; Configuraci\u00f3n avanzada &gt; Privacidad y seguridad &gt; Borrar datos de navegaci\u00f3n<\/td><\/tr><tr><td>Safari<\/td><td>Preferencias &gt; Seguridad<br>Para m\u00e1s informaci\u00f3n, puede consultar ell soporte de Apple o la Ayuda del navegador<\/td><\/tr><\/tbody><\/table><\/figure>\n\n\n\n<h2 class=\"wp-block-heading\" id=\"se-pueden-producir-modificaciones-de-la-politica-de-cookies\">\u00bfSe pueden producir modificaciones de la pol\u00edtica de cookies?<\/h2>\n\n\n\n<p>La Web puede modificar esta Pol\u00edtica de Cookies en funci\u00f3n de las exigencias legislativas, reglamentarias, o con la finalidad de adaptar dicha pol\u00edtica a las instrucciones dictadas por la Agencia Espa\u00f1ola de Protecci\u00f3n de Datos, por ello se aconseja a los usuarios que la visiten peri\u00f3dicamente.&nbsp;<\/p>\n\n\n\n<p>Cuando se produzcan cambios significativos en esta Pol\u00edtica de&nbsp;<em>Cookies<\/em>, se comunicar\u00e1n a los usuarios bien mediante la web o a trav\u00e9s de correo electr\u00f3nico a los usuarios registrados.&nbsp;<\/p>","protected":false},"excerpt":{"rendered":"<p>La Web de&nbsp;DIGITAL TECH COMMUNICATIONS GROUP S.L.&nbsp;(en adelante la Web)utiliza Cookies. Las Cookies son ficheros enviados a un navegador por medio de un servidor web para registrar las actividades del Usuario en una web determinada. La primera finalidad de las Cookies es la de facilitar al usuario un acceso m\u00e1s r\u00e1pido a los servicios seleccionados. [&hellip;]<\/p>","protected":false},"author":13,"featured_media":0,"parent":0,"menu_order":0,"comment_status":"closed","ping_status":"closed","template":"","meta":{"_acf_changed":false,"site-sidebar-layout":"default","site-content-layout":"","ast-site-content-layout":"default","site-content-style":"default","site-sidebar-style":"default","ast-global-header-display":"","ast-banner-title-visibility":"","ast-main-header-display":"","ast-hfb-above-header-display":"","ast-hfb-below-header-display":"","ast-hfb-mobile-header-display":"","site-post-title":"","ast-breadcrumbs-content":"","ast-featured-img":"","footer-sml-layout":"","theme-transparent-header-meta":"","adv-header-id-meta":"","stick-header-meta":"","header-above-stick-meta":"","header-main-stick-meta":"","header-below-stick-meta":"","astra-migrate-meta-layouts":"default","ast-page-background-enabled":"default","ast-page-background-meta":{"desktop":{"background-color":"var(--ast-global-color-4)","background-image":"","background-repeat":"repeat","background-position":"center center","background-size":"auto","background-attachment":"scroll","background-type":"","background-media":"","overlay-type":"","overlay-color":"","overlay-opacity":"","overlay-gradient":""},"tablet":{"background-color":"","background-image":"","background-repeat":"repeat","background-position":"center center","background-size":"auto","background-attachment":"scroll","background-type":"","background-media":"","overlay-type":"","overlay-color":"","overlay-opacity":"","overlay-gradient":""},"mobile":{"background-color":"","background-image":"","background-repeat":"repeat","background-position":"center center","background-size":"auto","background-attachment":"scroll","background-type":"","background-media":"","overlay-type":"","overlay-color":"","overlay-opacity":"","overlay-gradient":""}},"ast-content-background-meta":{"desktop":{"background-color":"var(--ast-global-color-5)","background-image":"","background-repeat":"repeat","background-position":"center center","background-size":"auto","background-attachment":"scroll","background-type":"","background-media":"","overlay-type":"","overlay-color":"","overlay-opacity":"","overlay-gradient":""},"tablet":{"background-color":"var(--ast-global-color-5)","background-image":"","background-repeat":"repeat","background-position":"center center","background-size":"auto","background-attachment":"scroll","background-type":"","background-media":"","overlay-type":"","overlay-color":"","overlay-opacity":"","overlay-gradient":""},"mobile":{"background-color":"var(--ast-global-color-5)","background-image":"","background-repeat":"repeat","background-position":"center center","background-size":"auto","background-attachment":"scroll","background-type":"","background-media":"","overlay-type":"","overlay-color":"","overlay-opacity":"","overlay-gradient":""}},"footnotes":""},"class_list":["post-3736","page","type-page","status-publish","hentry"],"acf":[],"jetpack_sharing_enabled":true,"_links":{"self":[{"href":"https:\/\/base.milmadrid.es\/en\/wp-json\/wp\/v2\/pages\/3736","targetHints":{"allow":["GET"]}}],"collection":[{"href":"https:\/\/base.milmadrid.es\/en\/wp-json\/wp\/v2\/pages"}],"about":[{"href":"https:\/\/base.milmadrid.es\/en\/wp-json\/wp\/v2\/types\/page"}],"author":[{"embeddable":true,"href":"https:\/\/base.milmadrid.es\/en\/wp-json\/wp\/v2\/users\/13"}],"replies":[{"embeddable":true,"href":"https:\/\/base.milmadrid.es\/en\/wp-json\/wp\/v2\/comments?post=3736"}],"version-history":[{"count":1,"href":"https:\/\/base.milmadrid.es\/en\/wp-json\/wp\/v2\/pages\/3736\/revisions"}],"predecessor-version":[{"id":3737,"href":"https:\/\/base.milmadrid.es\/en\/wp-json\/wp\/v2\/pages\/3736\/revisions\/3737"}],"wp:attachment":[{"href":"https:\/\/base.milmadrid.es\/en\/wp-json\/wp\/v2\/media?parent=3736"}],"curies":[{"name":"wp","href":"https:\/\/api.w.org\/{rel}","templated":true}]}}